{"id":7016,"date":"2025-08-13T09:59:45","date_gmt":"2025-08-13T07:59:45","guid":{"rendered":"https:\/\/katastrophenschutz-bedarf.de\/?post_type=product&#038;p=7016"},"modified":"2025-12-03T07:26:53","modified_gmt":"2025-12-03T06:26:53","slug":"thw-organizer","status":"publish","type":"product","link":"https:\/\/katastrophenschutz-bedarf.de\/en\/produkt\/thw-organizer\/","title":{"rendered":"THW Organizer"},"content":{"rendered":"<p>Als offizieller Lizenzinhaber des THW bieten wir Ihnen<\/p>\n<h2>unseren THW Organizer aus hochwertigem, texturiertem Polyester \u2013 Ihren perfekten Begleiter f\u00fcr B\u00fcro, unterwegs oder auf Reisen. Praktisch, robust und jederzeit einsatzbereit.<\/h2>\n<p>Das wasserabweisende, leicht abwischbare Material sch\u00fctzt den Inhalt zuverl\u00e4ssig, w\u00e4hrend silberne Reflexstreifen f\u00fcr zus\u00e4tzliche Sicherheit und einen modernen Look sorgen.<\/p>\n<p>Durchdachtes Design f\u00fcr mehr Ordnung:<\/p>\n<ul>\n<li><strong>Tragegriff mit Reflexstreifen<\/strong> \u2013 bequem zu tragen und gut sichtbar<\/li>\n<li><strong>Innen-Schl\u00fcsselanh\u00e4nger<\/strong> \u2013 Schl\u00fcssel immer griffbereit<\/li>\n<li><strong>Sichtfenster-Tasche mit Rei\u00dfverschluss<\/strong> \u2013 ideal f\u00fcr wichtige Dokumente oder Ausweise<\/li>\n<li><strong>Vier Stifthalter-F\u00e4cher<\/strong> \u2013 alles an seinem Platz<\/li>\n<li><strong>Gro\u00dfe Einschubtasche links<\/strong> \u2013 extra Stauraum f\u00fcr Notizen, Tablet oder Zubeh\u00f6r<\/li>\n<\/ul>\n<p>Mit diesem THW Organizer hast du alles sicher verstaut und stilvoll organisiert \u2013 Tag f\u00fcr Tag.<\/p>\n","protected":false},"excerpt":{"rendered":"<p>Praktisch, robust und immer einsatzbereit \u2013 unser THW Organizer aus hochwertigem, texturiertem Polyester ist dein perfekter Begleiter, egal ob im B\u00fcro, unterwegs oder auf Reisen.<\/p>\n","protected":false},"featured_media":7631,"comment_status":"closed","ping_status":"closed","template":"","meta":{"_acf_changed":false,"inline_featured_image":false},"product_brand":[],"product_cat":[108,163],"product_tag":[],"class_list":{"0":"post-7016","1":"product","2":"type-product","3":"status-publish","4":"has-post-thumbnail","6":"product_cat-a2w","7":"product_cat-leben-wohnen","9":"first","10":"instock","11":"taxable","12":"shipping-taxable","13":"purchasable","14":"product-type-simple"},"acf":[],"yoast_head":"<!-- This site is optimized with the Yoast SEO plugin v27.4 - https:\/\/yoast.com\/product\/yoast-seo-wordpress\/ -->\n<title>THW Organizer - Katastrophenschutz-Bedarf<\/title>\n<meta name=\"description\" content=\"Robuster THW Organizer aus wasserabweisendem Polyester mit Reflexstreifen, vielen F\u00e4chern &amp; cleveren Details \u2013 ideal f\u00fcr Alltag und Beruf.\" \/>\n<meta name=\"robots\" content=\"index, follow, max-snippet:-1, max-image-preview:large, max-video-preview:-1\" \/>\n<link rel=\"canonical\" href=\"https:\/\/katastrophenschutz-bedarf.de\/en\/produkt\/thw-organizer\/\" \/>\n<meta property=\"og:locale\" content=\"en_US\" \/>\n<meta property=\"og:type\" content=\"article\" \/>\n<meta property=\"og:title\" content=\"THW Organizer - Katastrophenschutz-Bedarf\" \/>\n<meta property=\"og:description\" content=\"Robuster THW Organizer aus wasserabweisendem Polyester mit Reflexstreifen, vielen F\u00e4chern &amp; cleveren Details \u2013 ideal f\u00fcr Alltag und Beruf.\" \/>\n<meta property=\"og:url\" content=\"https:\/\/katastrophenschutz-bedarf.de\/en\/produkt\/thw-organizer\/\" \/>\n<meta property=\"og:site_name\" content=\"Katastrophenschutz-Bedarf\" \/>\n<meta property=\"article:modified_time\" content=\"2025-12-03T06:26:53+00:00\" \/>\n<meta property=\"og:image\" content=\"https:\/\/katastrophenschutz-bedarf.de\/wp-content\/uploads\/2025\/12\/THW-Fahrtenbuch-Mappe06.jpg\" \/>\n\t<meta property=\"og:image:width\" content=\"648\" \/>\n\t<meta property=\"og:image:height\" content=\"648\" \/>\n\t<meta property=\"og:image:type\" content=\"image\/jpeg\" \/>\n<meta name=\"twitter:card\" content=\"summary_large_image\" \/>\n<meta name=\"twitter:label1\" content=\"Est. reading time\" \/>\n\t<meta name=\"twitter:data1\" content=\"1 minute\" \/>\n<script type=\"application\/ld+json\" class=\"yoast-schema-graph\">{\"@context\":\"https:\\\/\\\/schema.org\",\"@graph\":[{\"@type\":\"WebPage\",\"@id\":\"https:\\\/\\\/katastrophenschutz-bedarf.de\\\/en\\\/produkt\\\/thw-organizer\\\/\",\"url\":\"https:\\\/\\\/katastrophenschutz-bedarf.de\\\/en\\\/produkt\\\/thw-organizer\\\/\",\"name\":\"THW Organizer - Katastrophenschutz-Bedarf\",\"isPartOf\":{\"@id\":\"https:\\\/\\\/katastrophenschutz-bedarf.de\\\/en\\\/#website\"},\"primaryImageOfPage\":{\"@id\":\"https:\\\/\\\/katastrophenschutz-bedarf.de\\\/en\\\/produkt\\\/thw-organizer\\\/#primaryimage\"},\"image\":{\"@id\":\"https:\\\/\\\/katastrophenschutz-bedarf.de\\\/en\\\/produkt\\\/thw-organizer\\\/#primaryimage\"},\"thumbnailUrl\":\"https:\\\/\\\/katastrophenschutz-bedarf.de\\\/wp-content\\\/uploads\\\/2025\\\/12\\\/THW-Fahrtenbuch-Mappe06.jpg\",\"datePublished\":\"2025-08-13T07:59:45+00:00\",\"dateModified\":\"2025-12-03T06:26:53+00:00\",\"description\":\"Robuster THW Organizer aus wasserabweisendem Polyester mit Reflexstreifen, vielen F\u00e4chern & cleveren Details \u2013 ideal f\u00fcr Alltag und Beruf.\",\"breadcrumb\":{\"@id\":\"https:\\\/\\\/katastrophenschutz-bedarf.de\\\/en\\\/produkt\\\/thw-organizer\\\/#breadcrumb\"},\"inLanguage\":\"en-US\",\"potentialAction\":[{\"@type\":\"ReadAction\",\"target\":[\"https:\\\/\\\/katastrophenschutz-bedarf.de\\\/en\\\/produkt\\\/thw-organizer\\\/\"]}]},{\"@type\":\"ImageObject\",\"inLanguage\":\"en-US\",\"@id\":\"https:\\\/\\\/katastrophenschutz-bedarf.de\\\/en\\\/produkt\\\/thw-organizer\\\/#primaryimage\",\"url\":\"https:\\\/\\\/katastrophenschutz-bedarf.de\\\/wp-content\\\/uploads\\\/2025\\\/12\\\/THW-Fahrtenbuch-Mappe06.jpg\",\"contentUrl\":\"https:\\\/\\\/katastrophenschutz-bedarf.de\\\/wp-content\\\/uploads\\\/2025\\\/12\\\/THW-Fahrtenbuch-Mappe06.jpg\",\"width\":648,\"height\":648,\"caption\":\"THW Organizer\"},{\"@type\":\"BreadcrumbList\",\"@id\":\"https:\\\/\\\/katastrophenschutz-bedarf.de\\\/en\\\/produkt\\\/thw-organizer\\\/#breadcrumb\",\"itemListElement\":[{\"@type\":\"ListItem\",\"position\":1,\"name\":\"Startseite\",\"item\":\"https:\\\/\\\/katastrophenschutz-bedarf.de\\\/en\\\/\"},{\"@type\":\"ListItem\",\"position\":2,\"name\":\"Shop\",\"item\":\"https:\\\/\\\/katastrophenschutz-bedarf.de\\\/shop\\\/\"},{\"@type\":\"ListItem\",\"position\":3,\"name\":\"THW Organizer\"}]},{\"@type\":\"WebSite\",\"@id\":\"https:\\\/\\\/katastrophenschutz-bedarf.de\\\/en\\\/#website\",\"url\":\"https:\\\/\\\/katastrophenschutz-bedarf.de\\\/en\\\/\",\"name\":\"Katastrophenschutz-Bedarf\",\"description\":\"Katastrophenschutz \u2013 bestens vorbereitet!\",\"publisher\":{\"@id\":\"https:\\\/\\\/katastrophenschutz-bedarf.de\\\/en\\\/#organization\"},\"potentialAction\":[{\"@type\":\"SearchAction\",\"target\":{\"@type\":\"EntryPoint\",\"urlTemplate\":\"https:\\\/\\\/katastrophenschutz-bedarf.de\\\/en\\\/?s={search_term_string}\"},\"query-input\":{\"@type\":\"PropertyValueSpecification\",\"valueRequired\":true,\"valueName\":\"search_term_string\"}}],\"inLanguage\":\"en-US\"},{\"@type\":\"Organization\",\"@id\":\"https:\\\/\\\/katastrophenschutz-bedarf.de\\\/en\\\/#organization\",\"name\":\"Katastrophenschutz-Bedarf\",\"alternateName\":\"a2w.help\",\"url\":\"https:\\\/\\\/katastrophenschutz-bedarf.de\\\/en\\\/\",\"logo\":{\"@type\":\"ImageObject\",\"inLanguage\":\"en-US\",\"@id\":\"https:\\\/\\\/katastrophenschutz-bedarf.de\\\/en\\\/#\\\/schema\\\/logo\\\/image\\\/\",\"url\":\"https:\\\/\\\/katastrophenschutz-bedarf.de\\\/wp-content\\\/uploads\\\/2024\\\/11\\\/cropped-Logo-a2w.png\",\"contentUrl\":\"https:\\\/\\\/katastrophenschutz-bedarf.de\\\/wp-content\\\/uploads\\\/2024\\\/11\\\/cropped-Logo-a2w.png\",\"width\":512,\"height\":512,\"caption\":\"Katastrophenschutz-Bedarf\"},\"image\":{\"@id\":\"https:\\\/\\\/katastrophenschutz-bedarf.de\\\/en\\\/#\\\/schema\\\/logo\\\/image\\\/\"}}]}<\/script>\n<!-- \/ Yoast SEO plugin. -->","yoast_head_json":{"title":"THW Organizer - Katastrophenschutz-Bedarf","description":"Robuster THW Organizer aus wasserabweisendem Polyester mit Reflexstreifen, vielen F\u00e4chern & cleveren Details \u2013 ideal f\u00fcr Alltag und Beruf.","robots":{"index":"index","follow":"follow","max-snippet":"max-snippet:-1","max-image-preview":"max-image-preview:large","max-video-preview":"max-video-preview:-1"},"canonical":"https:\/\/katastrophenschutz-bedarf.de\/en\/produkt\/thw-organizer\/","og_locale":"en_US","og_type":"article","og_title":"THW Organizer - Katastrophenschutz-Bedarf","og_description":"Robuster THW Organizer aus wasserabweisendem Polyester mit Reflexstreifen, vielen F\u00e4chern & cleveren Details \u2013 ideal f\u00fcr Alltag und Beruf.","og_url":"https:\/\/katastrophenschutz-bedarf.de\/en\/produkt\/thw-organizer\/","og_site_name":"Katastrophenschutz-Bedarf","article_modified_time":"2025-12-03T06:26:53+00:00","og_image":[{"width":648,"height":648,"url":"https:\/\/katastrophenschutz-bedarf.de\/wp-content\/uploads\/2025\/12\/THW-Fahrtenbuch-Mappe06.jpg","type":"image\/jpeg"}],"twitter_card":"summary_large_image","twitter_misc":{"Est. reading time":"1 minute"},"schema":{"@context":"https:\/\/schema.org","@graph":[{"@type":"WebPage","@id":"https:\/\/katastrophenschutz-bedarf.de\/en\/produkt\/thw-organizer\/","url":"https:\/\/katastrophenschutz-bedarf.de\/en\/produkt\/thw-organizer\/","name":"THW Organizer - Katastrophenschutz-Bedarf","isPartOf":{"@id":"https:\/\/katastrophenschutz-bedarf.de\/en\/#website"},"primaryImageOfPage":{"@id":"https:\/\/katastrophenschutz-bedarf.de\/en\/produkt\/thw-organizer\/#primaryimage"},"image":{"@id":"https:\/\/katastrophenschutz-bedarf.de\/en\/produkt\/thw-organizer\/#primaryimage"},"thumbnailUrl":"https:\/\/katastrophenschutz-bedarf.de\/wp-content\/uploads\/2025\/12\/THW-Fahrtenbuch-Mappe06.jpg","datePublished":"2025-08-13T07:59:45+00:00","dateModified":"2025-12-03T06:26:53+00:00","description":"Robuster THW Organizer aus wasserabweisendem Polyester mit Reflexstreifen, vielen F\u00e4chern & cleveren Details \u2013 ideal f\u00fcr Alltag und Beruf.","breadcrumb":{"@id":"https:\/\/katastrophenschutz-bedarf.de\/en\/produkt\/thw-organizer\/#breadcrumb"},"inLanguage":"en-US","potentialAction":[{"@type":"ReadAction","target":["https:\/\/katastrophenschutz-bedarf.de\/en\/produkt\/thw-organizer\/"]}]},{"@type":"ImageObject","inLanguage":"en-US","@id":"https:\/\/katastrophenschutz-bedarf.de\/en\/produkt\/thw-organizer\/#primaryimage","url":"https:\/\/katastrophenschutz-bedarf.de\/wp-content\/uploads\/2025\/12\/THW-Fahrtenbuch-Mappe06.jpg","contentUrl":"https:\/\/katastrophenschutz-bedarf.de\/wp-content\/uploads\/2025\/12\/THW-Fahrtenbuch-Mappe06.jpg","width":648,"height":648,"caption":"THW Organizer"},{"@type":"BreadcrumbList","@id":"https:\/\/katastrophenschutz-bedarf.de\/en\/produkt\/thw-organizer\/#breadcrumb","itemListElement":[{"@type":"ListItem","position":1,"name":"Startseite","item":"https:\/\/katastrophenschutz-bedarf.de\/en\/"},{"@type":"ListItem","position":2,"name":"Shop","item":"https:\/\/katastrophenschutz-bedarf.de\/shop\/"},{"@type":"ListItem","position":3,"name":"THW Organizer"}]},{"@type":"WebSite","@id":"https:\/\/katastrophenschutz-bedarf.de\/en\/#website","url":"https:\/\/katastrophenschutz-bedarf.de\/en\/","name":"Katastrophenschutz-Bedarf","description":"Katastrophenschutz \u2013 bestens vorbereitet!","publisher":{"@id":"https:\/\/katastrophenschutz-bedarf.de\/en\/#organization"},"potentialAction":[{"@type":"SearchAction","target":{"@type":"EntryPoint","urlTemplate":"https:\/\/katastrophenschutz-bedarf.de\/en\/?s={search_term_string}"},"query-input":{"@type":"PropertyValueSpecification","valueRequired":true,"valueName":"search_term_string"}}],"inLanguage":"en-US"},{"@type":"Organization","@id":"https:\/\/katastrophenschutz-bedarf.de\/en\/#organization","name":"Katastrophenschutz-Bedarf","alternateName":"a2w.help","url":"https:\/\/katastrophenschutz-bedarf.de\/en\/","logo":{"@type":"ImageObject","inLanguage":"en-US","@id":"https:\/\/katastrophenschutz-bedarf.de\/en\/#\/schema\/logo\/image\/","url":"https:\/\/katastrophenschutz-bedarf.de\/wp-content\/uploads\/2024\/11\/cropped-Logo-a2w.png","contentUrl":"https:\/\/katastrophenschutz-bedarf.de\/wp-content\/uploads\/2024\/11\/cropped-Logo-a2w.png","width":512,"height":512,"caption":"Katastrophenschutz-Bedarf"},"image":{"@id":"https:\/\/katastrophenschutz-bedarf.de\/en\/#\/schema\/logo\/image\/"}}]}},"_links":{"self":[{"href":"https:\/\/katastrophenschutz-bedarf.de\/en\/wp-json\/wp\/v2\/product\/7016","targetHints":{"allow":["GET"]}}],"collection":[{"href":"https:\/\/katastrophenschutz-bedarf.de\/en\/wp-json\/wp\/v2\/product"}],"about":[{"href":"https:\/\/katastrophenschutz-bedarf.de\/en\/wp-json\/wp\/v2\/types\/product"}],"replies":[{"embeddable":true,"href":"https:\/\/katastrophenschutz-bedarf.de\/en\/wp-json\/wp\/v2\/comments?post=7016"}],"wp:featuredmedia":[{"embeddable":true,"href":"https:\/\/katastrophenschutz-bedarf.de\/en\/wp-json\/wp\/v2\/media\/7631"}],"wp:attachment":[{"href":"https:\/\/katastrophenschutz-bedarf.de\/en\/wp-json\/wp\/v2\/media?parent=7016"}],"wp:term":[{"taxonomy":"product_brand","embeddable":true,"href":"https:\/\/katastrophenschutz-bedarf.de\/en\/wp-json\/wp\/v2\/product_brand?post=7016"},{"taxonomy":"product_cat","embeddable":true,"href":"https:\/\/katastrophenschutz-bedarf.de\/en\/wp-json\/wp\/v2\/product_cat?post=7016"},{"taxonomy":"product_tag","embeddable":true,"href":"https:\/\/katastrophenschutz-bedarf.de\/en\/wp-json\/wp\/v2\/product_tag?post=7016"}],"curies":[{"name":"wp","href":"https:\/\/api.w.org\/{rel}","templated":true}]}}