{"id":6995,"date":"2025-08-13T08:42:36","date_gmt":"2025-08-13T06:42:36","guid":{"rendered":"https:\/\/katastrophenschutz-bedarf.de\/?post_type=product&#038;p=6995"},"modified":"2026-01-13T11:09:47","modified_gmt":"2026-01-13T10:09:47","slug":"thw-einsatztasche","status":"publish","type":"product","link":"https:\/\/katastrophenschutz-bedarf.de\/en\/produkt\/thw-einsatztasche\/","title":{"rendered":"THW Einsatztasche"},"content":{"rendered":"<p>Als offizieller Lizenzinhaber des THW bieten wir Ihnen unsere<\/p>\n<h2>THW Einsatztasche \u2013 robust, ger\u00e4umig &amp; perfekt organisiert<\/h2>\n<p>\u2013 f\u00fcr den professionellen Einsatz an.<\/p>\n<p>Diese hochwertige THW Einsatztasche aus extrem strapazierf\u00e4higem, wasserabweisendem 600D\u2011Nylon ist der ideale Begleiter f\u00fcr anspruchsvolle Eins\u00e4tze. Mit 39\u202fLitern Stauraum, flexibel anpassbarem Hauptfach und f\u00fcnf Au\u00dfentaschen (davon zwei praktische Thermof\u00e4cher) haben Sie Ihre Ausr\u00fcstung immer griffbereit und perfekt sortiert.<\/p>\n<p>Das robuste Design mit gepolsterten Seitenw\u00e4nden, rutschfesten Gummif\u00fc\u00dfen, abschlie\u00dfbarem Wertfach und bequemen Trageoptionen (Griffe und abnehmbarer, gepolsterter Schulterriemen) bietet maximalen Komfort und Sicherheit. Klarsichtfenster f\u00fcr Namensschilder erm\u00f6glichen eine klare Kennzeichnung.<\/p>\n<p>Perfekt f\u00fcr Feuerwehr, Rettungsdienst, Handwerk oder Outdoor \u2013 diese THW Tasche macht in jeder Situation einen professionellen Eindruck.<\/p>\n<p>&nbsp;<\/p>\n<ul>\n<li>Hochrei\u00dffestes, Wasser abweisendes Nylon-Material 600 D schwarz, Boden mit 3 Gummif\u00fc\u00dfen<\/li>\n<li>Ma\u00dfe der Tasche betragen: L\u00e4nge 50 cm x Breite 26 cm x H\u00f6he 30 cm = Volumen 39 l<\/li>\n<li>Au\u00dfenbereich mit 5 Taschen, davon 2 Thermof\u00e4cher<\/li>\n<li>Hauptfach mit herausnehmbaren Raumteilern, individuell in L\u00e4ngs- und Querrichtung unterteilbar<\/li>\n<li>Klarsichtfenster f\u00fcr Namensschild\/Visitenkarte innen im Deckel sowie auf der Vorderseitentasche<\/li>\n<li>Abschlie\u00dfbares Wertfach innen im Deckel<\/li>\n<li>Tragegriffe und abnehmbarer, gepolsterter Schulterriemen, gepolsterte Seitenw\u00e4nde<\/li>\n<li>Zus\u00e4tzliche Metall\u00f6se rechts f\u00fcr weiteren Karabiner, Einsatzhandschuhe usw.<\/li>\n<\/ul>\n","protected":false},"excerpt":{"rendered":"<p>THW Einsatztasche \u2013 robust, ger\u00e4umig &amp; perfekt organisiert<\/p>\n","protected":false},"featured_media":7589,"comment_status":"closed","ping_status":"closed","template":"","meta":{"_acf_changed":false,"inline_featured_image":false},"product_brand":[],"product_cat":[108,163],"product_tag":[],"class_list":{"0":"post-6995","1":"product","2":"type-product","3":"status-publish","4":"has-post-thumbnail","6":"product_cat-a2w","7":"product_cat-leben-wohnen","9":"first","10":"instock","11":"taxable","12":"shipping-taxable","13":"purchasable","14":"product-type-simple"},"acf":[],"yoast_head":"<!-- This site is optimized with the Yoast SEO plugin v27.4 - https:\/\/yoast.com\/product\/yoast-seo-wordpress\/ -->\n<title>THW Einsatztasche - Katastrophenschutz-Bedarf<\/title>\n<meta name=\"description\" content=\"Robuste 39\u2011L\u2011 THW Einsatztasche aus wasserabweisendem 600D\u2011Nylon, flexibel einteilbar, mit Thermof\u00e4chern, Wertfach und gepolstertem Tragekomfort.\" \/>\n<meta name=\"robots\" content=\"index, follow, max-snippet:-1, max-image-preview:large, max-video-preview:-1\" \/>\n<link rel=\"canonical\" href=\"https:\/\/katastrophenschutz-bedarf.de\/en\/produkt\/thw-einsatztasche\/\" \/>\n<meta property=\"og:locale\" content=\"en_US\" \/>\n<meta property=\"og:type\" content=\"article\" \/>\n<meta property=\"og:title\" content=\"THW Einsatztasche - Katastrophenschutz-Bedarf\" \/>\n<meta property=\"og:description\" content=\"Robuste 39\u2011L\u2011 THW Einsatztasche aus wasserabweisendem 600D\u2011Nylon, flexibel einteilbar, mit Thermof\u00e4chern, Wertfach und gepolstertem Tragekomfort.\" \/>\n<meta property=\"og:url\" content=\"https:\/\/katastrophenschutz-bedarf.de\/en\/produkt\/thw-einsatztasche\/\" \/>\n<meta property=\"og:site_name\" content=\"Katastrophenschutz-Bedarf\" \/>\n<meta property=\"article:modified_time\" content=\"2026-01-13T10:09:47+00:00\" \/>\n<meta property=\"og:image\" content=\"https:\/\/katastrophenschutz-bedarf.de\/wp-content\/uploads\/2025\/12\/THW-Einsatztasche-01.jpg\" \/>\n\t<meta property=\"og:image:width\" content=\"648\" \/>\n\t<meta property=\"og:image:height\" content=\"648\" \/>\n\t<meta property=\"og:image:type\" content=\"image\/jpeg\" \/>\n<meta name=\"twitter:card\" content=\"summary_large_image\" \/>\n<meta name=\"twitter:label1\" content=\"Est. reading time\" \/>\n\t<meta name=\"twitter:data1\" content=\"2 minutes\" \/>\n<script type=\"application\/ld+json\" class=\"yoast-schema-graph\">{\"@context\":\"https:\\\/\\\/schema.org\",\"@graph\":[{\"@type\":\"WebPage\",\"@id\":\"https:\\\/\\\/katastrophenschutz-bedarf.de\\\/en\\\/produkt\\\/thw-einsatztasche\\\/\",\"url\":\"https:\\\/\\\/katastrophenschutz-bedarf.de\\\/en\\\/produkt\\\/thw-einsatztasche\\\/\",\"name\":\"THW Einsatztasche - Katastrophenschutz-Bedarf\",\"isPartOf\":{\"@id\":\"https:\\\/\\\/katastrophenschutz-bedarf.de\\\/en\\\/#website\"},\"primaryImageOfPage\":{\"@id\":\"https:\\\/\\\/katastrophenschutz-bedarf.de\\\/en\\\/produkt\\\/thw-einsatztasche\\\/#primaryimage\"},\"image\":{\"@id\":\"https:\\\/\\\/katastrophenschutz-bedarf.de\\\/en\\\/produkt\\\/thw-einsatztasche\\\/#primaryimage\"},\"thumbnailUrl\":\"https:\\\/\\\/katastrophenschutz-bedarf.de\\\/wp-content\\\/uploads\\\/2025\\\/12\\\/THW-Einsatztasche-01.jpg\",\"datePublished\":\"2025-08-13T06:42:36+00:00\",\"dateModified\":\"2026-01-13T10:09:47+00:00\",\"description\":\"Robuste 39\u2011L\u2011 THW Einsatztasche aus wasserabweisendem 600D\u2011Nylon, flexibel einteilbar, mit Thermof\u00e4chern, Wertfach und gepolstertem Tragekomfort.\",\"breadcrumb\":{\"@id\":\"https:\\\/\\\/katastrophenschutz-bedarf.de\\\/en\\\/produkt\\\/thw-einsatztasche\\\/#breadcrumb\"},\"inLanguage\":\"en-US\",\"potentialAction\":[{\"@type\":\"ReadAction\",\"target\":[\"https:\\\/\\\/katastrophenschutz-bedarf.de\\\/en\\\/produkt\\\/thw-einsatztasche\\\/\"]}]},{\"@type\":\"ImageObject\",\"inLanguage\":\"en-US\",\"@id\":\"https:\\\/\\\/katastrophenschutz-bedarf.de\\\/en\\\/produkt\\\/thw-einsatztasche\\\/#primaryimage\",\"url\":\"https:\\\/\\\/katastrophenschutz-bedarf.de\\\/wp-content\\\/uploads\\\/2025\\\/12\\\/THW-Einsatztasche-01.jpg\",\"contentUrl\":\"https:\\\/\\\/katastrophenschutz-bedarf.de\\\/wp-content\\\/uploads\\\/2025\\\/12\\\/THW-Einsatztasche-01.jpg\",\"width\":648,\"height\":648,\"caption\":\"THW Einsatztasche\"},{\"@type\":\"BreadcrumbList\",\"@id\":\"https:\\\/\\\/katastrophenschutz-bedarf.de\\\/en\\\/produkt\\\/thw-einsatztasche\\\/#breadcrumb\",\"itemListElement\":[{\"@type\":\"ListItem\",\"position\":1,\"name\":\"Startseite\",\"item\":\"https:\\\/\\\/katastrophenschutz-bedarf.de\\\/en\\\/\"},{\"@type\":\"ListItem\",\"position\":2,\"name\":\"Shop\",\"item\":\"https:\\\/\\\/katastrophenschutz-bedarf.de\\\/shop\\\/\"},{\"@type\":\"ListItem\",\"position\":3,\"name\":\"THW Einsatztasche\"}]},{\"@type\":\"WebSite\",\"@id\":\"https:\\\/\\\/katastrophenschutz-bedarf.de\\\/en\\\/#website\",\"url\":\"https:\\\/\\\/katastrophenschutz-bedarf.de\\\/en\\\/\",\"name\":\"Katastrophenschutz-Bedarf\",\"description\":\"Katastrophenschutz \u2013 bestens vorbereitet!\",\"publisher\":{\"@id\":\"https:\\\/\\\/katastrophenschutz-bedarf.de\\\/en\\\/#organization\"},\"potentialAction\":[{\"@type\":\"SearchAction\",\"target\":{\"@type\":\"EntryPoint\",\"urlTemplate\":\"https:\\\/\\\/katastrophenschutz-bedarf.de\\\/en\\\/?s={search_term_string}\"},\"query-input\":{\"@type\":\"PropertyValueSpecification\",\"valueRequired\":true,\"valueName\":\"search_term_string\"}}],\"inLanguage\":\"en-US\"},{\"@type\":\"Organization\",\"@id\":\"https:\\\/\\\/katastrophenschutz-bedarf.de\\\/en\\\/#organization\",\"name\":\"Katastrophenschutz-Bedarf\",\"alternateName\":\"a2w.help\",\"url\":\"https:\\\/\\\/katastrophenschutz-bedarf.de\\\/en\\\/\",\"logo\":{\"@type\":\"ImageObject\",\"inLanguage\":\"en-US\",\"@id\":\"https:\\\/\\\/katastrophenschutz-bedarf.de\\\/en\\\/#\\\/schema\\\/logo\\\/image\\\/\",\"url\":\"https:\\\/\\\/katastrophenschutz-bedarf.de\\\/wp-content\\\/uploads\\\/2024\\\/11\\\/cropped-Logo-a2w.png\",\"contentUrl\":\"https:\\\/\\\/katastrophenschutz-bedarf.de\\\/wp-content\\\/uploads\\\/2024\\\/11\\\/cropped-Logo-a2w.png\",\"width\":512,\"height\":512,\"caption\":\"Katastrophenschutz-Bedarf\"},\"image\":{\"@id\":\"https:\\\/\\\/katastrophenschutz-bedarf.de\\\/en\\\/#\\\/schema\\\/logo\\\/image\\\/\"}}]}<\/script>\n<!-- \/ Yoast SEO plugin. -->","yoast_head_json":{"title":"THW Einsatztasche - Katastrophenschutz-Bedarf","description":"Robuste 39\u2011L\u2011 THW Einsatztasche aus wasserabweisendem 600D\u2011Nylon, flexibel einteilbar, mit Thermof\u00e4chern, Wertfach und gepolstertem Tragekomfort.","robots":{"index":"index","follow":"follow","max-snippet":"max-snippet:-1","max-image-preview":"max-image-preview:large","max-video-preview":"max-video-preview:-1"},"canonical":"https:\/\/katastrophenschutz-bedarf.de\/en\/produkt\/thw-einsatztasche\/","og_locale":"en_US","og_type":"article","og_title":"THW Einsatztasche - Katastrophenschutz-Bedarf","og_description":"Robuste 39\u2011L\u2011 THW Einsatztasche aus wasserabweisendem 600D\u2011Nylon, flexibel einteilbar, mit Thermof\u00e4chern, Wertfach und gepolstertem Tragekomfort.","og_url":"https:\/\/katastrophenschutz-bedarf.de\/en\/produkt\/thw-einsatztasche\/","og_site_name":"Katastrophenschutz-Bedarf","article_modified_time":"2026-01-13T10:09:47+00:00","og_image":[{"width":648,"height":648,"url":"https:\/\/katastrophenschutz-bedarf.de\/wp-content\/uploads\/2025\/12\/THW-Einsatztasche-01.jpg","type":"image\/jpeg"}],"twitter_card":"summary_large_image","twitter_misc":{"Est. reading time":"2 minutes"},"schema":{"@context":"https:\/\/schema.org","@graph":[{"@type":"WebPage","@id":"https:\/\/katastrophenschutz-bedarf.de\/en\/produkt\/thw-einsatztasche\/","url":"https:\/\/katastrophenschutz-bedarf.de\/en\/produkt\/thw-einsatztasche\/","name":"THW Einsatztasche - Katastrophenschutz-Bedarf","isPartOf":{"@id":"https:\/\/katastrophenschutz-bedarf.de\/en\/#website"},"primaryImageOfPage":{"@id":"https:\/\/katastrophenschutz-bedarf.de\/en\/produkt\/thw-einsatztasche\/#primaryimage"},"image":{"@id":"https:\/\/katastrophenschutz-bedarf.de\/en\/produkt\/thw-einsatztasche\/#primaryimage"},"thumbnailUrl":"https:\/\/katastrophenschutz-bedarf.de\/wp-content\/uploads\/2025\/12\/THW-Einsatztasche-01.jpg","datePublished":"2025-08-13T06:42:36+00:00","dateModified":"2026-01-13T10:09:47+00:00","description":"Robuste 39\u2011L\u2011 THW Einsatztasche aus wasserabweisendem 600D\u2011Nylon, flexibel einteilbar, mit Thermof\u00e4chern, Wertfach und gepolstertem Tragekomfort.","breadcrumb":{"@id":"https:\/\/katastrophenschutz-bedarf.de\/en\/produkt\/thw-einsatztasche\/#breadcrumb"},"inLanguage":"en-US","potentialAction":[{"@type":"ReadAction","target":["https:\/\/katastrophenschutz-bedarf.de\/en\/produkt\/thw-einsatztasche\/"]}]},{"@type":"ImageObject","inLanguage":"en-US","@id":"https:\/\/katastrophenschutz-bedarf.de\/en\/produkt\/thw-einsatztasche\/#primaryimage","url":"https:\/\/katastrophenschutz-bedarf.de\/wp-content\/uploads\/2025\/12\/THW-Einsatztasche-01.jpg","contentUrl":"https:\/\/katastrophenschutz-bedarf.de\/wp-content\/uploads\/2025\/12\/THW-Einsatztasche-01.jpg","width":648,"height":648,"caption":"THW Einsatztasche"},{"@type":"BreadcrumbList","@id":"https:\/\/katastrophenschutz-bedarf.de\/en\/produkt\/thw-einsatztasche\/#breadcrumb","itemListElement":[{"@type":"ListItem","position":1,"name":"Startseite","item":"https:\/\/katastrophenschutz-bedarf.de\/en\/"},{"@type":"ListItem","position":2,"name":"Shop","item":"https:\/\/katastrophenschutz-bedarf.de\/shop\/"},{"@type":"ListItem","position":3,"name":"THW Einsatztasche"}]},{"@type":"WebSite","@id":"https:\/\/katastrophenschutz-bedarf.de\/en\/#website","url":"https:\/\/katastrophenschutz-bedarf.de\/en\/","name":"Katastrophenschutz-Bedarf","description":"Katastrophenschutz \u2013 bestens vorbereitet!","publisher":{"@id":"https:\/\/katastrophenschutz-bedarf.de\/en\/#organization"},"potentialAction":[{"@type":"SearchAction","target":{"@type":"EntryPoint","urlTemplate":"https:\/\/katastrophenschutz-bedarf.de\/en\/?s={search_term_string}"},"query-input":{"@type":"PropertyValueSpecification","valueRequired":true,"valueName":"search_term_string"}}],"inLanguage":"en-US"},{"@type":"Organization","@id":"https:\/\/katastrophenschutz-bedarf.de\/en\/#organization","name":"Katastrophenschutz-Bedarf","alternateName":"a2w.help","url":"https:\/\/katastrophenschutz-bedarf.de\/en\/","logo":{"@type":"ImageObject","inLanguage":"en-US","@id":"https:\/\/katastrophenschutz-bedarf.de\/en\/#\/schema\/logo\/image\/","url":"https:\/\/katastrophenschutz-bedarf.de\/wp-content\/uploads\/2024\/11\/cropped-Logo-a2w.png","contentUrl":"https:\/\/katastrophenschutz-bedarf.de\/wp-content\/uploads\/2024\/11\/cropped-Logo-a2w.png","width":512,"height":512,"caption":"Katastrophenschutz-Bedarf"},"image":{"@id":"https:\/\/katastrophenschutz-bedarf.de\/en\/#\/schema\/logo\/image\/"}}]}},"_links":{"self":[{"href":"https:\/\/katastrophenschutz-bedarf.de\/en\/wp-json\/wp\/v2\/product\/6995","targetHints":{"allow":["GET"]}}],"collection":[{"href":"https:\/\/katastrophenschutz-bedarf.de\/en\/wp-json\/wp\/v2\/product"}],"about":[{"href":"https:\/\/katastrophenschutz-bedarf.de\/en\/wp-json\/wp\/v2\/types\/product"}],"replies":[{"embeddable":true,"href":"https:\/\/katastrophenschutz-bedarf.de\/en\/wp-json\/wp\/v2\/comments?post=6995"}],"wp:featuredmedia":[{"embeddable":true,"href":"https:\/\/katastrophenschutz-bedarf.de\/en\/wp-json\/wp\/v2\/media\/7589"}],"wp:attachment":[{"href":"https:\/\/katastrophenschutz-bedarf.de\/en\/wp-json\/wp\/v2\/media?parent=6995"}],"wp:term":[{"taxonomy":"product_brand","embeddable":true,"href":"https:\/\/katastrophenschutz-bedarf.de\/en\/wp-json\/wp\/v2\/product_brand?post=6995"},{"taxonomy":"product_cat","embeddable":true,"href":"https:\/\/katastrophenschutz-bedarf.de\/en\/wp-json\/wp\/v2\/product_cat?post=6995"},{"taxonomy":"product_tag","embeddable":true,"href":"https:\/\/katastrophenschutz-bedarf.de\/en\/wp-json\/wp\/v2\/product_tag?post=6995"}],"curies":[{"name":"wp","href":"https:\/\/api.w.org\/{rel}","templated":true}]}}