{"id":6536,"date":"2025-07-21T08:52:07","date_gmt":"2025-07-21T06:52:07","guid":{"rendered":"https:\/\/katastrophenschutz-bedarf.de\/?post_type=product&#038;p=6536"},"modified":"2025-08-13T13:20:15","modified_gmt":"2025-08-13T11:20:15","slug":"penergetic-b-wv","status":"publish","type":"product","link":"https:\/\/katastrophenschutz-bedarf.de\/en\/produkt\/penergetic-b-wv\/","title":{"rendered":"Penergetic b WV"},"content":{"rendered":"<h2>Penergetic b WV dient zum biologischen Schutz von Anbaufl\u00e4chen vor Wildverbiss.<\/h2>\n<p>Die Anwendung erfolgt rein \u00fcber den Boden und kommt ohne Strom, Z\u00e4une oder Geruchsstoffe aus. Durch Biostimulation werden Nat\u00fcrliche Prozesse aktiviert, die das Wild langfristig fernhalten. Es verzichtet vollst\u00e4ndig auf Chemikalien und die Wirkung bleibt auch bei Regen erhalten.<\/p>\n<p>Das Produkt ist praxiserprobt, leicht in bestehende Abl\u00e4ufe integrierbar und sorgt f\u00fcr eine nachhaltige Wirkung mit sichtbarem Effekt.<\/p>\n<p>Tr\u00e4germaterial: Sikron Quarz<\/p>\n<p>Bitte fragen Sie nach bestimmten Kulturen und lassen Sie sich die Dosierung speziell -anpassen!<\/p>\n","protected":false},"excerpt":{"rendered":"<p>Penergetic b WV aktiviert nat\u00fcrliche Prozesse im Boden, die Wildtiere fernhalten. Dabei kommt es ohne Z\u00e4une, Strom oder Geruchsstoffe aus\u2026<\/p>\n","protected":false},"featured_media":6220,"comment_status":"open","ping_status":"closed","template":"","meta":{"_acf_changed":false,"inline_featured_image":false},"product_brand":[],"product_cat":[165,108],"product_tag":[110],"class_list":{"0":"post-6536","1":"product","2":"type-product","3":"status-publish","4":"has-post-thumbnail","6":"product_cat-tiervergraemung","7":"product_cat-a2w","8":"product_tag-a2w","10":"first","11":"instock","12":"taxable","13":"shipping-taxable","14":"purchasable","15":"product-type-variable"},"acf":[],"yoast_head":"<!-- This site is optimized with the Yoast SEO plugin v27.4 - https:\/\/yoast.com\/product\/yoast-seo-wordpress\/ -->\n<title>Penergetic b WV - Katastrophenschutz-Bedarf<\/title>\n<meta name=\"description\" content=\"Penergetic b WV \u2013 effektiver, nat\u00fcrlicher Schutz vor Wildverbiss und Wildsch\u00e4den f\u00fcr landwirtschaftliche Fl\u00e4chen. Geruchlos, ohne Strom, mit langfristiger Wirkung. Ideal f\u00fcr Obst-, Beeren-, Gem\u00fcsebau und Forstwirtschaft. Biostimulation zur verbesserten Pflanzengesundheit.\" \/>\n<meta name=\"robots\" content=\"index, follow, max-snippet:-1, max-image-preview:large, max-video-preview:-1\" \/>\n<link rel=\"canonical\" href=\"https:\/\/katastrophenschutz-bedarf.de\/en\/produkt\/penergetic-b-wv\/\" \/>\n<meta property=\"og:locale\" content=\"en_US\" \/>\n<meta property=\"og:type\" content=\"article\" \/>\n<meta property=\"og:title\" content=\"Penergetic b WV - Katastrophenschutz-Bedarf\" \/>\n<meta property=\"og:description\" content=\"Penergetic b WV \u2013 effektiver, nat\u00fcrlicher Schutz vor Wildverbiss und Wildsch\u00e4den f\u00fcr landwirtschaftliche Fl\u00e4chen. Geruchlos, ohne Strom, mit langfristiger Wirkung. Ideal f\u00fcr Obst-, Beeren-, Gem\u00fcsebau und Forstwirtschaft. Biostimulation zur verbesserten Pflanzengesundheit.\" \/>\n<meta property=\"og:url\" content=\"https:\/\/katastrophenschutz-bedarf.de\/en\/produkt\/penergetic-b-wv\/\" \/>\n<meta property=\"og:site_name\" content=\"Katastrophenschutz-Bedarf\" \/>\n<meta property=\"article:modified_time\" content=\"2025-08-13T11:20:15+00:00\" \/>\n<meta property=\"og:image\" content=\"https:\/\/katastrophenschutz-bedarf.de\/wp-content\/uploads\/2025\/07\/penergetic-b-wv-Produktbild.png\" \/>\n\t<meta property=\"og:image:width\" content=\"648\" \/>\n\t<meta property=\"og:image:height\" content=\"648\" \/>\n\t<meta property=\"og:image:type\" content=\"image\/png\" \/>\n<meta name=\"twitter:card\" content=\"summary_large_image\" \/>\n<meta name=\"twitter:label1\" content=\"Est. reading time\" \/>\n\t<meta name=\"twitter:data1\" content=\"1 minute\" \/>\n<script type=\"application\/ld+json\" class=\"yoast-schema-graph\">{\"@context\":\"https:\\\/\\\/schema.org\",\"@graph\":[{\"@type\":\"WebPage\",\"@id\":\"https:\\\/\\\/katastrophenschutz-bedarf.de\\\/en\\\/produkt\\\/penergetic-b-wv\\\/\",\"url\":\"https:\\\/\\\/katastrophenschutz-bedarf.de\\\/en\\\/produkt\\\/penergetic-b-wv\\\/\",\"name\":\"Penergetic b WV - Katastrophenschutz-Bedarf\",\"isPartOf\":{\"@id\":\"https:\\\/\\\/katastrophenschutz-bedarf.de\\\/en\\\/#website\"},\"primaryImageOfPage\":{\"@id\":\"https:\\\/\\\/katastrophenschutz-bedarf.de\\\/en\\\/produkt\\\/penergetic-b-wv\\\/#primaryimage\"},\"image\":{\"@id\":\"https:\\\/\\\/katastrophenschutz-bedarf.de\\\/en\\\/produkt\\\/penergetic-b-wv\\\/#primaryimage\"},\"thumbnailUrl\":\"https:\\\/\\\/katastrophenschutz-bedarf.de\\\/wp-content\\\/uploads\\\/2025\\\/07\\\/penergetic-b-wv-Produktbild.png\",\"datePublished\":\"2025-07-21T06:52:07+00:00\",\"dateModified\":\"2025-08-13T11:20:15+00:00\",\"description\":\"Penergetic b WV \u2013 effektiver, nat\u00fcrlicher Schutz vor Wildverbiss und Wildsch\u00e4den f\u00fcr landwirtschaftliche Fl\u00e4chen. Geruchlos, ohne Strom, mit langfristiger Wirkung. Ideal f\u00fcr Obst-, Beeren-, Gem\u00fcsebau und Forstwirtschaft. Biostimulation zur verbesserten Pflanzengesundheit.\",\"breadcrumb\":{\"@id\":\"https:\\\/\\\/katastrophenschutz-bedarf.de\\\/en\\\/produkt\\\/penergetic-b-wv\\\/#breadcrumb\"},\"inLanguage\":\"en-US\",\"potentialAction\":[{\"@type\":\"ReadAction\",\"target\":[\"https:\\\/\\\/katastrophenschutz-bedarf.de\\\/en\\\/produkt\\\/penergetic-b-wv\\\/\"]}]},{\"@type\":\"ImageObject\",\"inLanguage\":\"en-US\",\"@id\":\"https:\\\/\\\/katastrophenschutz-bedarf.de\\\/en\\\/produkt\\\/penergetic-b-wv\\\/#primaryimage\",\"url\":\"https:\\\/\\\/katastrophenschutz-bedarf.de\\\/wp-content\\\/uploads\\\/2025\\\/07\\\/penergetic-b-wv-Produktbild.png\",\"contentUrl\":\"https:\\\/\\\/katastrophenschutz-bedarf.de\\\/wp-content\\\/uploads\\\/2025\\\/07\\\/penergetic-b-wv-Produktbild.png\",\"width\":648,\"height\":648,\"caption\":\"penergetic-b-wv-Produktbild\"},{\"@type\":\"BreadcrumbList\",\"@id\":\"https:\\\/\\\/katastrophenschutz-bedarf.de\\\/en\\\/produkt\\\/penergetic-b-wv\\\/#breadcrumb\",\"itemListElement\":[{\"@type\":\"ListItem\",\"position\":1,\"name\":\"Startseite\",\"item\":\"https:\\\/\\\/katastrophenschutz-bedarf.de\\\/en\\\/\"},{\"@type\":\"ListItem\",\"position\":2,\"name\":\"Shop\",\"item\":\"https:\\\/\\\/katastrophenschutz-bedarf.de\\\/shop\\\/\"},{\"@type\":\"ListItem\",\"position\":3,\"name\":\"Penergetic b WV\"}]},{\"@type\":\"WebSite\",\"@id\":\"https:\\\/\\\/katastrophenschutz-bedarf.de\\\/en\\\/#website\",\"url\":\"https:\\\/\\\/katastrophenschutz-bedarf.de\\\/en\\\/\",\"name\":\"Katastrophenschutz-Bedarf\",\"description\":\"Katastrophenschutz \u2013 bestens vorbereitet!\",\"publisher\":{\"@id\":\"https:\\\/\\\/katastrophenschutz-bedarf.de\\\/en\\\/#organization\"},\"potentialAction\":[{\"@type\":\"SearchAction\",\"target\":{\"@type\":\"EntryPoint\",\"urlTemplate\":\"https:\\\/\\\/katastrophenschutz-bedarf.de\\\/en\\\/?s={search_term_string}\"},\"query-input\":{\"@type\":\"PropertyValueSpecification\",\"valueRequired\":true,\"valueName\":\"search_term_string\"}}],\"inLanguage\":\"en-US\"},{\"@type\":\"Organization\",\"@id\":\"https:\\\/\\\/katastrophenschutz-bedarf.de\\\/en\\\/#organization\",\"name\":\"Katastrophenschutz-Bedarf\",\"alternateName\":\"a2w.help\",\"url\":\"https:\\\/\\\/katastrophenschutz-bedarf.de\\\/en\\\/\",\"logo\":{\"@type\":\"ImageObject\",\"inLanguage\":\"en-US\",\"@id\":\"https:\\\/\\\/katastrophenschutz-bedarf.de\\\/en\\\/#\\\/schema\\\/logo\\\/image\\\/\",\"url\":\"https:\\\/\\\/katastrophenschutz-bedarf.de\\\/wp-content\\\/uploads\\\/2024\\\/11\\\/cropped-Logo-a2w.png\",\"contentUrl\":\"https:\\\/\\\/katastrophenschutz-bedarf.de\\\/wp-content\\\/uploads\\\/2024\\\/11\\\/cropped-Logo-a2w.png\",\"width\":512,\"height\":512,\"caption\":\"Katastrophenschutz-Bedarf\"},\"image\":{\"@id\":\"https:\\\/\\\/katastrophenschutz-bedarf.de\\\/en\\\/#\\\/schema\\\/logo\\\/image\\\/\"}}]}<\/script>\n<!-- \/ Yoast SEO plugin. -->","yoast_head_json":{"title":"Penergetic b WV - Katastrophenschutz-Bedarf","description":"Penergetic b WV \u2013 effektiver, nat\u00fcrlicher Schutz vor Wildverbiss und Wildsch\u00e4den f\u00fcr landwirtschaftliche Fl\u00e4chen. Geruchlos, ohne Strom, mit langfristiger Wirkung. Ideal f\u00fcr Obst-, Beeren-, Gem\u00fcsebau und Forstwirtschaft. Biostimulation zur verbesserten Pflanzengesundheit.","robots":{"index":"index","follow":"follow","max-snippet":"max-snippet:-1","max-image-preview":"max-image-preview:large","max-video-preview":"max-video-preview:-1"},"canonical":"https:\/\/katastrophenschutz-bedarf.de\/en\/produkt\/penergetic-b-wv\/","og_locale":"en_US","og_type":"article","og_title":"Penergetic b WV - Katastrophenschutz-Bedarf","og_description":"Penergetic b WV \u2013 effektiver, nat\u00fcrlicher Schutz vor Wildverbiss und Wildsch\u00e4den f\u00fcr landwirtschaftliche Fl\u00e4chen. Geruchlos, ohne Strom, mit langfristiger Wirkung. Ideal f\u00fcr Obst-, Beeren-, Gem\u00fcsebau und Forstwirtschaft. Biostimulation zur verbesserten Pflanzengesundheit.","og_url":"https:\/\/katastrophenschutz-bedarf.de\/en\/produkt\/penergetic-b-wv\/","og_site_name":"Katastrophenschutz-Bedarf","article_modified_time":"2025-08-13T11:20:15+00:00","og_image":[{"width":648,"height":648,"url":"https:\/\/katastrophenschutz-bedarf.de\/wp-content\/uploads\/2025\/07\/penergetic-b-wv-Produktbild.png","type":"image\/png"}],"twitter_card":"summary_large_image","twitter_misc":{"Est. reading time":"1 minute"},"schema":{"@context":"https:\/\/schema.org","@graph":[{"@type":"WebPage","@id":"https:\/\/katastrophenschutz-bedarf.de\/en\/produkt\/penergetic-b-wv\/","url":"https:\/\/katastrophenschutz-bedarf.de\/en\/produkt\/penergetic-b-wv\/","name":"Penergetic b WV - Katastrophenschutz-Bedarf","isPartOf":{"@id":"https:\/\/katastrophenschutz-bedarf.de\/en\/#website"},"primaryImageOfPage":{"@id":"https:\/\/katastrophenschutz-bedarf.de\/en\/produkt\/penergetic-b-wv\/#primaryimage"},"image":{"@id":"https:\/\/katastrophenschutz-bedarf.de\/en\/produkt\/penergetic-b-wv\/#primaryimage"},"thumbnailUrl":"https:\/\/katastrophenschutz-bedarf.de\/wp-content\/uploads\/2025\/07\/penergetic-b-wv-Produktbild.png","datePublished":"2025-07-21T06:52:07+00:00","dateModified":"2025-08-13T11:20:15+00:00","description":"Penergetic b WV \u2013 effektiver, nat\u00fcrlicher Schutz vor Wildverbiss und Wildsch\u00e4den f\u00fcr landwirtschaftliche Fl\u00e4chen. Geruchlos, ohne Strom, mit langfristiger Wirkung. Ideal f\u00fcr Obst-, Beeren-, Gem\u00fcsebau und Forstwirtschaft. Biostimulation zur verbesserten Pflanzengesundheit.","breadcrumb":{"@id":"https:\/\/katastrophenschutz-bedarf.de\/en\/produkt\/penergetic-b-wv\/#breadcrumb"},"inLanguage":"en-US","potentialAction":[{"@type":"ReadAction","target":["https:\/\/katastrophenschutz-bedarf.de\/en\/produkt\/penergetic-b-wv\/"]}]},{"@type":"ImageObject","inLanguage":"en-US","@id":"https:\/\/katastrophenschutz-bedarf.de\/en\/produkt\/penergetic-b-wv\/#primaryimage","url":"https:\/\/katastrophenschutz-bedarf.de\/wp-content\/uploads\/2025\/07\/penergetic-b-wv-Produktbild.png","contentUrl":"https:\/\/katastrophenschutz-bedarf.de\/wp-content\/uploads\/2025\/07\/penergetic-b-wv-Produktbild.png","width":648,"height":648,"caption":"penergetic-b-wv-Produktbild"},{"@type":"BreadcrumbList","@id":"https:\/\/katastrophenschutz-bedarf.de\/en\/produkt\/penergetic-b-wv\/#breadcrumb","itemListElement":[{"@type":"ListItem","position":1,"name":"Startseite","item":"https:\/\/katastrophenschutz-bedarf.de\/en\/"},{"@type":"ListItem","position":2,"name":"Shop","item":"https:\/\/katastrophenschutz-bedarf.de\/shop\/"},{"@type":"ListItem","position":3,"name":"Penergetic b WV"}]},{"@type":"WebSite","@id":"https:\/\/katastrophenschutz-bedarf.de\/en\/#website","url":"https:\/\/katastrophenschutz-bedarf.de\/en\/","name":"Katastrophenschutz-Bedarf","description":"Katastrophenschutz \u2013 bestens vorbereitet!","publisher":{"@id":"https:\/\/katastrophenschutz-bedarf.de\/en\/#organization"},"potentialAction":[{"@type":"SearchAction","target":{"@type":"EntryPoint","urlTemplate":"https:\/\/katastrophenschutz-bedarf.de\/en\/?s={search_term_string}"},"query-input":{"@type":"PropertyValueSpecification","valueRequired":true,"valueName":"search_term_string"}}],"inLanguage":"en-US"},{"@type":"Organization","@id":"https:\/\/katastrophenschutz-bedarf.de\/en\/#organization","name":"Katastrophenschutz-Bedarf","alternateName":"a2w.help","url":"https:\/\/katastrophenschutz-bedarf.de\/en\/","logo":{"@type":"ImageObject","inLanguage":"en-US","@id":"https:\/\/katastrophenschutz-bedarf.de\/en\/#\/schema\/logo\/image\/","url":"https:\/\/katastrophenschutz-bedarf.de\/wp-content\/uploads\/2024\/11\/cropped-Logo-a2w.png","contentUrl":"https:\/\/katastrophenschutz-bedarf.de\/wp-content\/uploads\/2024\/11\/cropped-Logo-a2w.png","width":512,"height":512,"caption":"Katastrophenschutz-Bedarf"},"image":{"@id":"https:\/\/katastrophenschutz-bedarf.de\/en\/#\/schema\/logo\/image\/"}}]}},"_links":{"self":[{"href":"https:\/\/katastrophenschutz-bedarf.de\/en\/wp-json\/wp\/v2\/product\/6536","targetHints":{"allow":["GET"]}}],"collection":[{"href":"https:\/\/katastrophenschutz-bedarf.de\/en\/wp-json\/wp\/v2\/product"}],"about":[{"href":"https:\/\/katastrophenschutz-bedarf.de\/en\/wp-json\/wp\/v2\/types\/product"}],"replies":[{"embeddable":true,"href":"https:\/\/katastrophenschutz-bedarf.de\/en\/wp-json\/wp\/v2\/comments?post=6536"}],"wp:featuredmedia":[{"embeddable":true,"href":"https:\/\/katastrophenschutz-bedarf.de\/en\/wp-json\/wp\/v2\/media\/6220"}],"wp:attachment":[{"href":"https:\/\/katastrophenschutz-bedarf.de\/en\/wp-json\/wp\/v2\/media?parent=6536"}],"wp:term":[{"taxonomy":"product_brand","embeddable":true,"href":"https:\/\/katastrophenschutz-bedarf.de\/en\/wp-json\/wp\/v2\/product_brand?post=6536"},{"taxonomy":"product_cat","embeddable":true,"href":"https:\/\/katastrophenschutz-bedarf.de\/en\/wp-json\/wp\/v2\/product_cat?post=6536"},{"taxonomy":"product_tag","embeddable":true,"href":"https:\/\/katastrophenschutz-bedarf.de\/en\/wp-json\/wp\/v2\/product_tag?post=6536"}],"curies":[{"name":"wp","href":"https:\/\/api.w.org\/{rel}","templated":true}]}}